{"id":3,"date":"2022-11-23T08:41:54","date_gmt":"2022-11-23T08:41:54","guid":{"rendered":"https:\/\/directa.si\/roosterbooster\/?page_id=3"},"modified":"2022-11-28T13:04:41","modified_gmt":"2022-11-28T13:04:41","slug":"politika-zasebnosti","status":"publish","type":"page","link":"https:\/\/directa.si\/roosterbooster\/politika-zasebnosti\/","title":{"rendered":"Politika zasebnosti"},"content":{"rendered":"\t\t<div data-elementor-type=\"wp-page\" data-elementor-id=\"3\" class=\"elementor elementor-3\">\n\t\t\t\t\t\t\t\t\t<section class=\"elementor-section elementor-top-section elementor-element elementor-element-7c3ebb17 elementor-section-boxed elementor-section-height-default elementor-section-height-default\" data-id=\"7c3ebb17\" data-element_type=\"section\">\n\t\t\t\t\t\t<div class=\"elementor-container elementor-column-gap-default\">\n\t\t\t\t\t<div class=\"elementor-column elementor-col-100 elementor-top-column elementor-element elementor-element-2ccc94b\" data-id=\"2ccc94b\" data-element_type=\"column\">\n\t\t\t<div class=\"elementor-widget-wrap elementor-element-populated\">\n\t\t\t\t\t\t\t\t<div class=\"elementor-element elementor-element-50e76fcf elementor-widget elementor-widget-text-editor\" data-id=\"50e76fcf\" data-element_type=\"widget\" data-widget_type=\"text-editor.default\">\n\t\t\t\t<div class=\"elementor-widget-container\">\n\t\t\t<style>\/*! elementor - v3.9.2 - 21-12-2022 *\/\n.elementor-widget-text-editor.elementor-drop-cap-view-stacked .elementor-drop-cap{background-color:#818a91;color:#fff}.elementor-widget-text-editor.elementor-drop-cap-view-framed .elementor-drop-cap{color:#818a91;border:3px solid;background-color:transparent}.elementor-widget-text-editor:not(.elementor-drop-cap-view-default) .elementor-drop-cap{margin-top:8px}.elementor-widget-text-editor:not(.elementor-drop-cap-view-default) .elementor-drop-cap-letter{width:1em;height:1em}.elementor-widget-text-editor .elementor-drop-cap{float:left;text-align:center;line-height:1;font-size:50px}.elementor-widget-text-editor .elementor-drop-cap-letter{display:inline-block}<\/style>\t\t\t\t<p><!-- wp:heading --><\/p>\n<h2>Politika zasebnosti<\/h2>\n<p><!-- \/wp:heading --><!-- wp:paragraph --><\/p>\n<p>Upravljavec osebnih podatkov in kontaktni podatki<\/p>\n<h4>Podatki o upravljavcu<\/h4>\n<p><!-- \/wp:paragraph --><!-- wp:heading --><!-- \/wp:heading --><!-- wp:paragraph --><\/p>\n<p>Directa d.o.o.<br \/>Dunajska c. 51, 1000 Ljubljana<br \/>D\u0160: 39602958<br \/>Mati\u010dna \u0161tevilka: 1906763000<br \/>Email: zivijo@directa.si<\/p>\n<p><!-- \/wp:paragraph --><!-- wp:paragraph --><!-- \/wp:paragraph --><!-- wp:heading --><\/p>\n<h5><strong><br \/><\/strong>Katere osebne podatke obdelujemo?<\/h5>\n<ul>\n<li>osnovne kontaktne podatke (ime in priimek, telefonska \u0161tevilka, e-naslov, ime podjetja);<\/li>\n<li>podatke o uporabi na\u0161ih spletnih strani (kliki na povezave, porabljen \u010das) in podatki glede odziva na na\u0161a e-po\u0161tna sporo\u010dila (ali je bilo sporo\u010dilo odprto, na katere povezave ste kliknili);<\/li>\n<li>podatke, ki jih potrebujemo za izpolnitev pogodbe in dostavo kupljenega blaga\/storitve (predmet nakupa, cena, na\u010din pla\u010dila, datum pla\u010dila, podatki o reklamacijah, podatki o izdanem ra\u010dunu ipd.).\n<p>\u00a0<\/p>\n<\/li>\n<\/ul>\n<p><!-- \/wp:paragraph --><!-- wp:heading --><\/p>\n<h5>Pravne podlage za obdelavo osebnih podatkov<\/h5>\n<p><!-- \/wp:heading --><!-- wp:paragraph --><\/p>\n<p>Va\u0161e osebne podatke lahko obdelujemo na naslednjih pravnih podlagah:<\/p>\n<ul>\n<li>kadar je to potrebno za izpolnitev na\u0161ih zakonskih obveznosti (npr. izdaja ra\u010dunov za kupljeno blago\/storitev);<\/li>\n<li>kadar je obdelava va\u0161ih osebnih podatkov potrebna za sklenitev in izpolnitev pogodbe, ki ste jo sklenili z nami ali ker ste od nas \u017eeleli ponudbo;<\/li>\n<li>kadar ste za obdelavo svojih osebnih podatkov podali privolitev za obdelavo za posamezen namen obdelave (prejem elektronskih novi\u010dk in ogla\u0161evanje), pri \u010demer imate vedno pravico, da dano privolitev prekli\u010dete.<\/li>\n<\/ul>\n<p><!-- \/wp:heading --><!-- wp:paragraph --><\/p>\n<h5>Nameni obdelave osebnih podatkov<\/h5>\n<p>Va\u0161e osebne podatke lahko uporabljamo za enega ali ve\u010d navedenih namenov:<\/p>\n<ul>\n<li>komuniciranje z vami glede zagotavljanja na\u0161ih storitev ter odgovarjanja na va\u0161a povpra\u0161evanja;<\/li>\n<li>sklenitev pogodbe in izpolnitev obveznosti, ki izhajajo iz sklenjene pogodbe;<\/li>\n<li>tr\u017eno komuniciranje (po\u0161iljanje e-po\u0161te);<\/li>\n<li>za uveljavljanje kakr\u0161nihkoli pravnih zahtevkov in re\u0161evanje sporov;<\/li>\n<li>za statisti\u010dne analize o prodaji na\u0161ega blaga in o uporabi na\u0161ih spletnih strani;<\/li>\n<\/ul>\n<p>Kako obdelujemo osebne podatke, ki niso del kupoprodajne pogodbe?<\/p>\n<p><em><br \/>Kontaktni obrazec<\/em><\/p>\n<p>V kontaktnem obrazcu vas prosimo za va\u0161e ime in elektronski naslov. Z oddajo elektronskega obrazca se strinjate, da navedene podatke uporabimo izklju\u010dno z namenom identifikacije po\u0161iljatelja in mo\u017enosti, da vas kontaktiramo nazaj. Va\u0161e elektronsko sporo\u010dilo z navedenimi podatki se bo hranilo v programskem paketu Activecampaign. Vse o zasebni politiki programske opreme Activecampaign najdete na slede\u010di povezavi; <a href=\"https:\/\/www.activecampaign.com\/legal\/privacy-policy\">https:\/\/www.activecampaign.com\/legal\/privacy-policy<\/a><\/p>\n<p><em style=\"color: var( --e-global-color-text ); font-family: var( --e-global-typography-text-font-family ), Sans-serif; font-size: var( --e-global-typography-text-font-size ); font-weight: var( --e-global-typography-text-font-weight ); letter-spacing: var( --e-global-typography-text-letter-spacing ); text-transform: var( --e-global-typography-text-text-transform ); background-color: var( --e-global-color-2c907a5 );\"><br \/>Pi\u0161kotki<\/em><\/p>\n<p>Z oddajo komentarja se strinjate z deljenjem svojega imena, elektronskega naslova in neobvezno spletnega naslova. Ob tem se lahko shrani pi\u0161kotek, s pomo\u010djo katerega vam ob naslednjem komentiranju podatkov ne bo treba vnesti ponovno. Ti pi\u0161kotki bodo shranjeni eno leto.<\/p>\n<p><em>Vgrajene vsebine s tujih spletnih strani<\/em><\/p>\n<p>Vsebine na tej strani lahko vsebujejo vgrajeno vsebino (npr. video, slike, \u010dlanke, povezane aplikacije, \u2026). Te vsebine se obna\u0161ajo tako, kakor da bi uporabnik obiskal tujo stran neposredno. Te strani so neodvisne od spletne strani http:\/\/www.directa.si\/ \u00a0Tuje strani lahko zbirajo podatke o vas, uporabljajo pi\u0161kotke, spremljajo va\u0161e interakcije in vedenje, \u010de ste s tujo stranjo povezani, imate tam ra\u010dun in ste vanjo prijavljeni. Za zbiranje, uporabo in procesiranje va\u0161ih podatkov pri tujih spletnih straneh in aplikacijah, ki so na tej strani vgrajene, ne odgovarjamo. Vgrajene vsebine na http:\/\/www.directa.si\/ izhajajo iz platform kot so YouTube, Vimeo, Instagram, Flickr, idr.<\/p>\n<p><em><br \/>Analitika in statistika<\/em><\/p>\n<p>Na spletni strani uporabljamo Google Analytics za vodenje analitike in statistike obiska. Google Analytics na na\u0161i strani <a href=\"https:\/\/support.google.com\/analytics\/answer\/2763052?hl=en\">deluje anonimno<\/a>. Ve\u010d o njihovih pi\u0161kotkih in \u010dasu njihovega obstoja lahko preberete <a href=\"https:\/\/developers.google.com\/analytics\/devguides\/collection\/analyticsjs\/cookie-usage\">tukaj<\/a>. Pi\u0161kotke Google Analyticsa lahko onemogo\u010dite neposredno na tej strani ali <a href=\"https:\/\/tools.google.com\/dlpage\/gaoptout\">direktno preko Googla<\/a>.<\/p>\n<p><em><br \/>Newsletter<\/em><\/p>\n<p>Ob prijavi na obrazec za newsletter se strinjate, da na platformi Activecampaign hranimo va\u0161e podatke:<\/p>\n<ul>\n<li>Ime<\/li>\n<li>Priimek<\/li>\n<li>E-po\u0161tni naslov<\/li>\n<\/ul>\n<p>\u2026 za namene po\u0161iljanja prodajnih, vsebinskih in marketin\u0161kih sporo\u010dil. Strinjate se, da te podatke obdelujemo v namene personalizacije teh sporo\u010dil in ogla\u0161evanja na Facebook, LinkedIn ter Instagram platformah. Podatke v skladu z GDPR uporabljamo \u0161ele, ko to potrdite v potrditvenem sporo\u010dilu, ki ga prejmete po izpolnitvi obrazca. Kot naro\u010dnik na newsletter imate pravico do popravkov in izbrisa, pa tudi do vpogleda v podatke, ki jih hranimo. Prav tako imate pravico do ugovora ob obdelavi podatkov za namene avtomatiziranega obve\u0161\u010danja in profiliranja. Kontaktirajte nas na zivijo@directa.si z zadevo \u201cVarstvo podatkov\u201d in urgirali bomo v roku 48 ur.<br \/><br \/><\/p>\n<p>\u00a0<\/p>\n<h5>Kako dolgo hranimo va\u0161e osebne podatke in kaj se z njimi zgodi potem?<\/h5>\n<ul>\n<li>Osnovne osebne podatke hranimo ves \u010das od oddaje naro\u010dila na spletni strani.<\/li>\n<li>Podatke o izdanih ra\u010dunih hranimo 10 let od izdaje.<\/li>\n<li>Podatke, ki si potrebni za sklenitev in izpolnitev pogodbe med vami in nami, hranimo \u0161e 5 let od izpolnitve pogodbe (dobave blaga\/storitve).<\/li>\n<li>Podatki in metapodatki v komentarjih in sporo\u010dilih poslanih preko kontaktnega obrazca se hranijo za nedolo\u010den \u010das.<\/li>\n<li>Va\u0161i komentarji za izpolnjevanje obrazcev se v obliki pi\u0161kotkov hranijo eno leto.<\/li>\n<li>Google Analytics uporablja ve\u010d pi\u0161kotkov, ki se hranijo do najve\u010d 2 let.<\/li>\n<li>Va\u0161e podatke bomo v evidenci prejemnikov elektronskih novi\u010dk hranili za nedolo\u010den \u010das. Zanje lahko zahtevate popolni izbris.<\/li>\n<li>Ostale osebne podatke, ki jih obdelujemo na podlagi va\u0161e privolitve, hranimo trajno oz. do preklica te privolitve z va\u0161e strani.<\/li>\n<li>Po poteku roka hrambe osebne podatke u\u010dinkovito izbri\u0161emo ali anonimiziramo, kar pomeni, da jih obdelamo na tak na\u010din, da jih nikakor ni ve\u010d mogo\u010de povezati z vami oziroma ji pripisati vam.<\/li>\n<\/ul>\n<h5><br \/>Prostovoljnost posredovanja podatkov in posledice neposredovanja<\/h5>\n<p>Posredovanje osebnih podatkov je prostovoljno. Osebnih podatkov nam niste dol\u017eni posredovati, vendar pa v primeru, da jih ne posredujete, ne morete z nami skleniti pogodbe (saj jih potrebujemo za dostavo naro\u010dila). Kateri podatki so taki, da njihovo neposredovanje povzro\u010di navedene posledice, bomo navedli vsaki\u010d, ko bomo od vas pridobivali osebne podatke.<\/p>\n<p>\u00a0<\/p>\n<h5><br \/>Kdo ima dostop do va\u0161ih osebnih podatkov?<\/h5>\n<p>Va\u0161ih osebnih podatkov ne posredujemo in ne omogo\u010damo seznanitve z njimi tretjim osebam (izven podjetja Directa d.o.o. razen tistim, ki imajo z nami sklenjeno pisno pogodbo, na podlagi katere izvajajo dolo\u010dena opravila v zvezi z obdelavo podatkov in so dol\u017eni spo\u0161tovati zakonodajo glede obdelave in varstva osebnih podatkov (t.i. pogodbeni obdelovalci). Pogodbeni obdelovalci, ki jim posredujemo osebne podatke, so:<\/p>\n<ul>\n<li>ponudniki ra\u010dunovodskih storitev.<\/li>\n<\/ul>\n<p>Pogodbeni obdelovalci smejo osebne podatke obdelovati zgolj v okviru na\u0161ih navodil in osebnih podatkov ne smejo obdelovati za lastne namene. Zavezani so, skupaj s svojimi zaposlenimi, k varovanju zaupnosti va\u0161ih osebnih podatkov.<\/p>\n<p>Pogodbeni obdelovalci osebnih podatkov ne izna\u0161ajo v tretje dr\u017eave (izven dr\u017eav \u010dlanic Evropskega gospodarskega prostora \u2013 to so \u010dlanice EU ter Islandija, Norve\u0161ka in Liechtenstein).<br \/><br \/><\/p>\n<p>\u00a0<\/p>\n<h5>Kak\u0161ne pravice imate v zvezi z osebnimi podatki, kako lahko prekli\u010dete privolitev za obdelavo in kak\u0161ne so posledice preklica?<\/h5>\n<p>Glede svojih osebnih podatkov imate naslednje pravice:<\/p>\n<p>\u2013 da od nas kadarkoli zahtevate:<\/p>\n<ul>\n<li>potrditev, ali obdelujemo va\u0161e osebne podatke;<\/li>\n<li>dostop do osebnih podatkov in naslednje informacije: namene obdelave; vrste osebnih podatkov; uporabnike ali kategorije uporabnikov, ki so jim bili ali jim bodo razkriti osebni podatki, zlasti uporabnike v tretjih dr\u017eavah ali mednarodnih organizacijah; predvideno obdobje hrambe osebnih podatkov ali, \u010de to ni mogo\u010de, merila, ki se uporabijo za dolo\u010ditev tega obdobja; obstoj avtomatiziranega sprejemanja odlo\u010ditev, vklju\u010dno z oblikovanjem profilov ter razloge zanj kot tudi pomen in predvidene posledice take obdelave za vas;<\/li>\n<li>eno (brezpla\u010dno) kopijo osebnih podatkov v obliki, ki jo dolo\u010dite sami (\u010de je zahteva podana z elektronskim sredstvom za komunikacijo in ne zahtevate druga\u010de, se kopija zagotovi v elektronski obliki); za dodatne kopije, ki jih zahtevate, lahko zara\u010dunamo razumno pristojbino ob upo\u0161tevanju stro\u0161kov;<\/li>\n<li>popravek neto\u010dnih osebnih podatkov;<\/li>\n<li>omejitev obdelave, kadar:<br \/>\u2013 oporekate to\u010dnosti osebnih podatkov, in sicer za obdobje, ki nam omogo\u010da preveriti to\u010dnost osebnih podatkov;<br \/>\u2013 je obdelava nezakonita in nasprotujete izbrisu osebnih podatkov ter namesto tega zahtevate omejitev njihove uporabe;<br \/>\u2013 osebnih podatkov ne potrebujemo ve\u010d za namene obdelave, pa jih vi potrebuje za uveljavljanje, izvajanje ali obrambo pravnih zahtevkov;<\/li>\n<li>izbris vseh osebnih podatkov (pravica do pozabe), \u010de so izpolnjene predpostavke iz \u010dlena 17 Splo\u0161ne uredbe o varstvu podatkov, predvsem pa v primeru, kadar prekli\u010dete privolitev za obdelavo osebnih podatkov;<\/li>\n<li>izpis osebnih podatkov v strukturirani, splo\u0161no uporabljani in strojno berljivi obliki, s pravico, da te podatke posredujete drugemu upravljavcu, ne da bi vas mi pri tem ovirali;<\/li>\n<li>prenehanje uporabe osebnih podatkov za namene neposrednega tr\u017eenja, vklju\u010dno z oblikovanjem profilov;<\/li>\n<li>da za vas ne velja odlo\u010ditev, ki temelji zgolj na avtomatizirani obdelavi, vklju\u010dno z oblikovanjem profilov \u010de so izpolnjene predpostavke iz \u010dlena 22 Splo\u0161ne uredbe o varstvu podatkov.<\/li>\n<\/ul>\n<p>\u2013 pravico, da zoper nas vlo\u017eite prito\u017ebo pri Informacijskem poobla\u0161\u010dencu, \u010de menite, da obdelava va\u0161ih osebnih podatkov kr\u0161i Splo\u0161no uredbo o varstvu podatkov.<br \/><br \/><\/p>\n<p>\u00a0<\/p>\n<h5>Postopek uveljavljanja pravic<\/h5>\n<p>Svoje zahteve, ki se ti\u010dejo uveljavljanja pravic v zvezi z osebnimi podatki lahko naslovite v pisni obliki na katerikoli kontakt, ki je naveden na vrhu tega dokumenta pod Upravljavec osebnih podatkov in kontaktni podatki.<\/p>\n<p>Za potrebe zanesljive identifikacije v primeru uveljavljanja pravic v zvezi z osebnimi podatki lahko od vas zahtevamo dodatne podatke, ukrepanje pa lahko zavrnemo le v primeru, da doka\u017eemo, da vas ne moremo zanesljivo identificirati.<\/p>\n<p>Na va\u0161o zahtevo s katero uveljavljate svoje pravice v zvezi z osebnimi podatki, moramo odgovoriti brez nepotrebnega odla\u0161anja in najpozneje v enem mesecu od prejema va\u0161e zahteve.<\/p>\n<p>\u010ce ste na tej strani oddajali komentarje ali po\u0161iljali elektronske obrazce, lahko od nas zahtevate, da vam vse va\u0161e zbrane podatke kadarkoli posredujemo ali spremenimo v anonimne \u2013 to lahko storite s posebnim obrazcem. Zahtevate lahko tudi, da vse informacije, ki smo jih od vas kadarkoli prejeli, izbri\u0161emo. To ne vklju\u010duje podatkov, ki smo jih dol\u017eni zbirati za morebitne administrativne, pravne in varnostne potrebe. Zahtevo za izbris iz sistema za newsletter po\u0161ljite na <a href=\"mailto:zivijo@directa.si\">zivijo@directa.si<\/a><\/p>\n<p>Vsaka sprememba na\u0161e politike o varovanju osebnih podatkov bo objavljena na tem spletnem mestu.<br \/><br \/><\/p>\n<p>\u00a0<\/p>\n<h5>Directa dogodki<\/h5>\n<p>Za prijavo na Directa d.o.o. dogodke kupac je dol\u017ean posredovati osebne informacije, informacije o na\u010dinu pla\u010dila ter pla\u010dilo vstopnice. Pri pogodbah, sklenjenih na daljavo ali zunaj poslovnih prostorov, ima potro\u0161nik pravico, da v 14 dneh obvesti podjetje, da odstopa od pogodbe, ne da bi mu bilo treba navesti razlog za svojo odlo\u010ditev.<br \/><br \/><\/p>\n<p>\u00a0<\/p>\n<h5>Omejitev odgovornosti<\/h5>\n<p>Ponudnik ne prevzema nobene odgovornosti in ne more biti od\u0161kodninsko odgovoren za kakr\u0161nekoli okvare strojne ali programske opreme ali druge lastnine ter morebitne vnose virusov, ki bi lahko prizadeli opremo obiskovalca, registriranega uporabnika ali kupca zaradi obiska spletne strani, prenosov podatkov, fotografij, video in avdio zapisov ter drugih objavljenih vsebin. Te spletne strani nudijo tudi povezave s spletnimi stranmi tretjih oseb in\/ali vsebujejo informacije o tretjih osebah. Za vsebino in delovanje teh spletnih strani podjete Directa d.o.o. ne odgovarja.<\/p>\n<p>Obiskovalec, registrirani uporabnik ali kupec je sam odgovoren za varovanje svojih uporabni\u0161kih podatkov in gesla. Prav tako jam\u010di za to\u010dnost in resni\u010dnost vseh posredovanih podatkov ob registraciji ter ponudniku odgovarja za morebitno nastalo \u0161kodo, zaradi neto\u010dnih in neresni\u010dnih podatkov.<\/p>\n<h5><br \/>Prito\u017ebe in spori<\/h5>\n<p>Prito\u017ebe, ugovore, reklamacije in druge pripombe lahko obiskovalci, registrirani uporabniki in kupci na spletni strain pisno po\u0161ljejo po elektronski po\u0161ti na naslov <a href=\"mailto:zivijo@directa.si\">zivijo@directa.si<\/a> ali po klasi\u010dni po\u0161ti na naslov: Directa d.o.o. Dunajska c.51 1000 Ljubljana.<\/p>\n<p>Postopek obravnave je zaupen. Ponudnik si bo po najbolj\u0161ih mo\u010deh prizadeval za sporazumno re\u0161itev morebitnih sporov. V kolikor to ne bo mogo\u010de, je za re\u0161evanje sporov pristojno sodi\u0161\u010de v Ljubljani. Directa d.o.o. ne priznava nobenega izvajalca IRPS, kot pristojnega za re\u0161evanje potro\u0161ni\u0161kih sporov.<\/p>\n<p><em><br \/>Posodobljeno: 25. 11. 2022<br \/><br \/><\/em><\/p>\n<p><!-- \/wp:paragraph --><\/p>\t\t\t\t\t\t<\/div>\n\t\t\t\t<\/div>\n\t\t\t\t\t<\/div>\n\t\t<\/div>\n\t\t\t\t\t\t\t<\/div>\n\t\t<\/section>\n\t\t\t\t\t\t\t<\/div>\n\t\t","protected":false},"excerpt":{"rendered":"<p>Politika zasebnosti Upravljavec osebnih podatkov in kontaktni podatki Podatki o upravljavcu Directa d.o.o.Dunajska c. 51, 1000 LjubljanaD\u0160: 39602958Mati\u010dna \u0161tevilka: 1906763000Email: zivijo@directa.si Katere osebne podatke obdelujemo? osnovne kontaktne podatke (ime in priimek, telefonska \u0161tevilka, e-naslov, ime podjetja); podatke o uporabi na\u0161ih spletnih strani (kliki na povezave, porabljen \u010das) in podatki glede odziva na na\u0161a e-po\u0161tna sporo\u010dila [&hellip;]<\/p>\n","protected":false},"author":1,"featured_media":0,"parent":0,"menu_order":0,"comment_status":"closed","ping_status":"closed","template":"","meta":{"footnotes":""},"class_list":["post-3","page","type-page","status-publish","hentry"],"_links":{"self":[{"href":"https:\/\/directa.si\/roosterbooster\/wp-json\/wp\/v2\/pages\/3","targetHints":{"allow":["GET"]}}],"collection":[{"href":"https:\/\/directa.si\/roosterbooster\/wp-json\/wp\/v2\/pages"}],"about":[{"href":"https:\/\/directa.si\/roosterbooster\/wp-json\/wp\/v2\/types\/page"}],"author":[{"embeddable":true,"href":"https:\/\/directa.si\/roosterbooster\/wp-json\/wp\/v2\/users\/1"}],"replies":[{"embeddable":true,"href":"https:\/\/directa.si\/roosterbooster\/wp-json\/wp\/v2\/comments?post=3"}],"version-history":[{"count":7,"href":"https:\/\/directa.si\/roosterbooster\/wp-json\/wp\/v2\/pages\/3\/revisions"}],"predecessor-version":[{"id":347,"href":"https:\/\/directa.si\/roosterbooster\/wp-json\/wp\/v2\/pages\/3\/revisions\/347"}],"wp:attachment":[{"href":"https:\/\/directa.si\/roosterbooster\/wp-json\/wp\/v2\/media?parent=3"}],"curies":[{"name":"wp","href":"https:\/\/api.w.org\/{rel}","templated":true}]}}